{"id":61,"date":"2015-08-09T18:08:16","date_gmt":"2015-08-09T18:08:16","guid":{"rendered":"https:\/\/old.normabrachorojas.fr\/?page_id=61"},"modified":"2015-11-25T03:53:51","modified_gmt":"2015-11-25T02:53:51","slug":"norma-bracho","status":"publish","type":"page","link":"https:\/\/old.normabrachorojas.fr\/?page_id=61","title":{"rendered":"Bio"},"content":{"rendered":"<div class=\"wpb-content-wrapper\">[vc_row][vc_column width=\"1\/4\"][vc_single_image alignment=\"center\" style=\"vc_box_shadow_circle\" border_color=\"grey\" img_link_target=\"_self\" image=\"781\" img_size=\"medium\" img_link_large=\"\"][vc_column_text]\n<p style=\"text-align: left;\">N\u00e9e en 1947, autodidacte en Arts Plastiques, avec un long parcours comme marionnettiste,\u00a0je suis une fouineuse qui aime\u00a0d\u00e9nicher des objets mais aussi des histoires, des contes, des l\u00e9gendes, des mythes.<\/p>\n[\/vc_column_text][\/vc_column][vc_column width=\"1\/4\"][vc_single_image alignment=\"center\" style=\"vc_box_shadow_circle\" border_color=\"grey\" img_link_target=\"_self\" image=\"780\" img_size=\"medium\" img_link_large=\"\"][vc_column_text]\n<p style=\"text-align: left;\">Mon imaginaire archa\u00efque a besoin\u00a0d\u2019anges et de d\u00e9mons, de sir\u00e8nes, de gargouilles et de bestiaires merveilleux.\u00a0Les transformations, l\u2019incongru, l\u2019union\u00a0des oppos\u00e9s, les m\u00e9langes, sont des obsessions par lesquels j\u2019alimente mon plaisir, dans un cheminement vers une alchimie\u00a0cr\u00e9ative.<\/p>\n[\/vc_column_text][\/vc_column][vc_column width=\"1\/4\"][vc_single_image alignment=\"center\" style=\"vc_box_shadow_circle\" border_color=\"grey\" img_link_target=\"_self\" image=\"783\" img_size=\"medium\" img_link_large=\"\"][vc_column_text]\n<p style=\"text-align: left;\">Des marionnettes, j\u2019ai gard\u00e9 le go\u00fbt pour les ficelles, les bouchons, les capsules, les boutons, les tissus, ainsi que des<br \/>\nfragments de tout mat\u00e9riau o\u00f9 je reconnais aussi bien des vies possibles que des renaissances insoup\u00e7onnables,\u00a0ce qu\u2019on<br \/>\nappelle vilainement \u201cla r\u00e9cup\u00e9ration d\u2019objets\"<\/p>\n[\/vc_column_text][\/vc_column][vc_column width=\"1\/4\"][vc_single_image alignment=\"center\" style=\"vc_box_shadow_circle\" border_color=\"grey\" img_link_target=\"_self\" image=\"782\" img_size=\"medium\" img_link_large=\"\"][vc_column_text]\n<p style=\"text-align: left;\">Ces objets, sans vrai contenu esth\u00e9tique, ont eu le pouvoir de m\u2019entrainer<br \/>\ndans une d\u00e9marche ludique d\u2019exp\u00e9rimentation \u00e0 partir d\u2019assemblages, de collages, de m\u00e9langes, d\u2019accumulation, et de<br \/>\ntransformation de la mati\u00e8re.\u00a0Ils s\u2019expriment avec leur vie int\u00e9rieure, devenant ainsi vecteurs de mon v\u00e9cu \u00e9motionnel,<br \/>\nde mes r\u00eaves et de mes fantasmes.<\/p>\n[\/vc_column_text][\/vc_column][\/vc_row]\n<\/div>","protected":false},"excerpt":{"rendered":"<p>[vc_row][vc_column width=\"1\/4\"][vc_single_image alignment=\"center\" style=\"vc_box_shadow_circle\" border_color=\"grey\" img_link_target=\"_self\" image=\"781\" img_size=\"medium\" img_link_large=\"\"][vc_column_text] N\u00e9e en 1947, autodidacte en Arts Plastiques, avec un long parcours comme marionnettiste,\u00a0je suis une fouineuse qui aime\u00a0d\u00e9nicher des objets mais aussi des histoires, des contes, des l\u00e9gendes, des mythes. [\/vc_column_text][\/vc_column][vc_column width=\"1\/4\"][vc_single_image alignment=\"center\" style=\"vc_box_shadow_circle\" border_color=\"grey\" img_link_target=\"_self\" image=\"780\" img_size=\"medium\" img_link_large=\"\"][vc_column_text] Mon imaginaire archa\u00efque a besoin\u00a0d\u2019anges et de&hellip;<\/p>\n","protected":false},"author":2,"featured_media":0,"parent":0,"menu_order":0,"comment_status":"closed","ping_status":"closed","template":"","meta":{"footnotes":""},"class_list":["post-61","page","type-page","status-publish","hentry"],"_links":{"self":[{"href":"https:\/\/old.normabrachorojas.fr\/index.php?rest_route=\/wp\/v2\/pages\/61","targetHints":{"allow":["GET"]}}],"collection":[{"href":"https:\/\/old.normabrachorojas.fr\/index.php?rest_route=\/wp\/v2\/pages"}],"about":[{"href":"https:\/\/old.normabrachorojas.fr\/index.php?rest_route=\/wp\/v2\/types\/page"}],"author":[{"embeddable":true,"href":"https:\/\/old.normabrachorojas.fr\/index.php?rest_route=\/wp\/v2\/users\/2"}],"replies":[{"embeddable":true,"href":"https:\/\/old.normabrachorojas.fr\/index.php?rest_route=%2Fwp%2Fv2%2Fcomments&post=61"}],"version-history":[{"count":83,"href":"https:\/\/old.normabrachorojas.fr\/index.php?rest_route=\/wp\/v2\/pages\/61\/revisions"}],"predecessor-version":[{"id":808,"href":"https:\/\/old.normabrachorojas.fr\/index.php?rest_route=\/wp\/v2\/pages\/61\/revisions\/808"}],"wp:attachment":[{"href":"https:\/\/old.normabrachorojas.fr\/index.php?rest_route=%2Fwp%2Fv2%2Fmedia&parent=61"}],"curies":[{"name":"wp","href":"https:\/\/api.w.org\/{rel}","templated":true}]}}